{"id":2,"date":"2019-10-30T16:15:39","date_gmt":"2019-10-30T16:15:39","guid":{"rendered":"https:\/\/cregantesmariamagdalena.com\/?page_id=2"},"modified":"2021-02-12T11:03:48","modified_gmt":"2021-02-12T11:03:48","slug":"sample-page","status":"publish","type":"page","link":"https:\/\/cregantesmariamagdalena.com\/","title":{"rendered":"Inicio"},"content":{"rendered":"\t\t<div data-elementor-type=\"wp-page\" data-elementor-id=\"2\" class=\"elementor elementor-2\">\n\t\t\t\t\t\t<section class=\"has_eae_slider elementor-section elementor-top-section elementor-element elementor-element-d3356f6 elementor-section-boxed elementor-section-height-default elementor-section-height-default\" data-eae-slider=\"8777\" data-id=\"d3356f6\" data-element_type=\"section\" data-e-type=\"section\">\n\t\t\t\t\t\t<div class=\"elementor-container elementor-column-gap-default\">\n\t\t\t\t\t<div class=\"has_eae_slider elementor-column elementor-col-100 elementor-top-column elementor-element elementor-element-cc66c36\" data-eae-slider=\"94618\" data-id=\"cc66c36\" data-element_type=\"column\" data-e-type=\"column\">\n\t\t\t<div class=\"elementor-widget-wrap elementor-element-populated\">\n\t\t\t\t\t\t\t<\/div>\n\t\t<\/div>\n\t\t\t\t\t<\/div>\n\t\t<\/section>\n\t\t\t\t<section class=\"has_eae_slider elementor-section elementor-top-section elementor-element elementor-element-da122f1 elementor-section-boxed elementor-section-height-default elementor-section-height-default\" data-eae-slider=\"17227\" data-id=\"da122f1\" data-element_type=\"section\" data-e-type=\"section\">\n\t\t\t\t\t\t<div class=\"elementor-container elementor-column-gap-default\">\n\t\t\t\t\t<div class=\"has_eae_slider elementor-column elementor-col-33 elementor-top-column elementor-element elementor-element-21ab54c\" data-eae-slider=\"19527\" data-id=\"21ab54c\" data-element_type=\"column\" data-e-type=\"column\">\n\t\t\t<div class=\"elementor-widget-wrap elementor-element-populated\">\n\t\t\t\t\t\t<div class=\"elementor-element elementor-element-78fb181 elementor-position-inline-start elementor-view-default elementor-mobile-position-block-start elementor-widget elementor-widget-icon-box\" data-id=\"78fb181\" data-element_type=\"widget\" data-e-type=\"widget\" data-widget_type=\"icon-box.default\">\n\t\t\t\t<div class=\"elementor-widget-container\">\n\t\t\t\t\t\t\t<div class=\"elementor-icon-box-wrapper\">\n\n\t\t\t\t\t\t<div class=\"elementor-icon-box-icon\">\n\t\t\t\t<span  class=\"elementor-icon\">\n\t\t\t\t<i aria-hidden=\"true\" class=\"far fa-map\"><\/i>\t\t\t\t<\/span>\n\t\t\t<\/div>\n\t\t\t\n\t\t\t\t\t\t<div class=\"elementor-icon-box-content\">\n\n\t\t\t\t\t\t\t\t\t<h3 class=\"elementor-icon-box-title\">\n\t\t\t\t\t\t<span  >\n\t\t\t\t\t\t\t+6000 Hect\u00e1reas\t\t\t\t\t\t<\/span>\n\t\t\t\t\t<\/h3>\n\t\t\t\t\n\t\t\t\t\t\t\t\t\t<p class=\"elementor-icon-box-description\">\n\t\t\t\t\t\tLa Comunidad De Regantes \"Santa Maria Magdalena\" da servicio a 6000,33 hect\u00e1reas en fincas de Ja\u00e9n y Cazalilla\t\t\t\t\t<\/p>\n\t\t\t\t\n\t\t\t<\/div>\n\t\t\t\n\t\t<\/div>\n\t\t\t\t\t\t<\/div>\n\t\t\t\t<\/div>\n\t\t\t\t\t<\/div>\n\t\t<\/div>\n\t\t\t\t<div class=\"has_eae_slider elementor-column elementor-col-33 elementor-top-column elementor-element elementor-element-746c214\" data-eae-slider=\"58001\" data-id=\"746c214\" data-element_type=\"column\" data-e-type=\"column\">\n\t\t\t<div class=\"elementor-widget-wrap elementor-element-populated\">\n\t\t\t\t\t\t<div class=\"elementor-element elementor-element-e0fc6a2 elementor-position-inline-start elementor-view-default elementor-mobile-position-block-start elementor-widget elementor-widget-icon-box\" data-id=\"e0fc6a2\" data-element_type=\"widget\" data-e-type=\"widget\" data-widget_type=\"icon-box.default\">\n\t\t\t\t<div class=\"elementor-widget-container\">\n\t\t\t\t\t\t\t<div class=\"elementor-icon-box-wrapper\">\n\n\t\t\t\t\t\t<div class=\"elementor-icon-box-icon\">\n\t\t\t\t<span  class=\"elementor-icon\">\n\t\t\t\t<i aria-hidden=\"true\" class=\"far fa-user\"><\/i>\t\t\t\t<\/span>\n\t\t\t<\/div>\n\t\t\t\n\t\t\t\t\t\t<div class=\"elementor-icon-box-content\">\n\n\t\t\t\t\t\t\t\t\t<h3 class=\"elementor-icon-box-title\">\n\t\t\t\t\t\t<span  >\n\t\t\t\t\t\t\t980 Comuneros\t\t\t\t\t\t<\/span>\n\t\t\t\t\t<\/h3>\n\t\t\t\t\n\t\t\t\t\t\t\t\t\t<p class=\"elementor-icon-box-description\">\n\t\t\t\t\t\tEn la actualidad la Comunidad de Regantes \"Santa Maria Magdalena\" cuenta con una gran familia de 980 comuneros.\t\t\t\t\t<\/p>\n\t\t\t\t\n\t\t\t<\/div>\n\t\t\t\n\t\t<\/div>\n\t\t\t\t\t\t<\/div>\n\t\t\t\t<\/div>\n\t\t\t\t\t<\/div>\n\t\t<\/div>\n\t\t\t\t<div class=\"has_eae_slider elementor-column elementor-col-33 elementor-top-column elementor-element elementor-element-b1e42d6\" data-eae-slider=\"45379\" data-id=\"b1e42d6\" data-element_type=\"column\" data-e-type=\"column\">\n\t\t\t<div class=\"elementor-widget-wrap elementor-element-populated\">\n\t\t\t\t\t\t<div class=\"elementor-element elementor-element-9f76cf6 elementor-position-inline-start elementor-view-default elementor-mobile-position-block-start elementor-widget elementor-widget-icon-box\" data-id=\"9f76cf6\" data-element_type=\"widget\" data-e-type=\"widget\" data-widget_type=\"icon-box.default\">\n\t\t\t\t<div class=\"elementor-widget-container\">\n\t\t\t\t\t\t\t<div class=\"elementor-icon-box-wrapper\">\n\n\t\t\t\t\t\t<div class=\"elementor-icon-box-icon\">\n\t\t\t\t<span  class=\"elementor-icon\">\n\t\t\t\t<i aria-hidden=\"true\" class=\"fas fa-chart-line\"><\/i>\t\t\t\t<\/span>\n\t\t\t<\/div>\n\t\t\t\n\t\t\t\t\t\t<div class=\"elementor-icon-box-content\">\n\n\t\t\t\t\t\t\t\t\t<h3 class=\"elementor-icon-box-title\">\n\t\t\t\t\t\t<span  >\n\t\t\t\t\t\t\tCambios constantes\t\t\t\t\t\t<\/span>\n\t\t\t\t\t<\/h3>\n\t\t\t\t\n\t\t\t\t\t\t\t\t\t<p class=\"elementor-icon-box-description\">\n\t\t\t\t\t\tLa comunidad siempre esta en constante innovaci\u00f3nes y cambios\t\t\t\t\t<\/p>\n\t\t\t\t\n\t\t\t<\/div>\n\t\t\t\n\t\t<\/div>\n\t\t\t\t\t\t<\/div>\n\t\t\t\t<\/div>\n\t\t\t\t\t<\/div>\n\t\t<\/div>\n\t\t\t\t\t<\/div>\n\t\t<\/section>\n\t\t\t\t<section class=\"has_eae_slider elementor-section elementor-top-section elementor-element elementor-element-3eac4ab elementor-section-full_width elementor-section-stretched elementor-section-height-default elementor-section-height-default\" data-eae-slider=\"45813\" data-id=\"3eac4ab\" data-element_type=\"section\" data-e-type=\"section\" data-settings=\"{&quot;stretch_section&quot;:&quot;section-stretched&quot;,&quot;background_background&quot;:&quot;classic&quot;}\">\n\t\t\t\t\t\t<div class=\"elementor-container elementor-column-gap-default\">\n\t\t\t\t\t<div class=\"has_eae_slider elementor-column elementor-col-50 elementor-top-column elementor-element elementor-element-abf88f2\" data-eae-slider=\"43970\" data-id=\"abf88f2\" data-element_type=\"column\" data-e-type=\"column\">\n\t\t\t<div class=\"elementor-widget-wrap elementor-element-populated\">\n\t\t\t\t\t\t<div class=\"elementor-element elementor-element-98d7938 elementor-widget elementor-widget-image\" data-id=\"98d7938\" data-element_type=\"widget\" data-e-type=\"widget\" data-settings=\"{&quot;_animation&quot;:&quot;none&quot;}\" data-widget_type=\"image.default\">\n\t\t\t\t<div class=\"elementor-widget-container\">\n\t\t\t\t\t\t\t\t\t\t\t\t\t\t\t<img fetchpriority=\"high\" decoding=\"async\" width=\"480\" height=\"640\" src=\"https:\/\/cregantesmariamagdalena.com\/wp-content\/uploads\/2021\/02\/la-foto-4-rotated.jpg\" class=\"attachment-large size-large wp-image-142\" alt=\"\" srcset=\"https:\/\/cregantesmariamagdalena.com\/wp-content\/uploads\/2021\/02\/la-foto-4-rotated.jpg 480w, https:\/\/cregantesmariamagdalena.com\/wp-content\/uploads\/2021\/02\/la-foto-4-225x300.jpg 225w\" sizes=\"(max-width: 480px) 100vw, 480px\" \/>\t\t\t\t\t\t\t\t\t\t\t\t\t\t\t<\/div>\n\t\t\t\t<\/div>\n\t\t\t\t\t<\/div>\n\t\t<\/div>\n\t\t\t\t<div class=\"has_eae_slider elementor-column elementor-col-50 elementor-top-column elementor-element elementor-element-cc34d9c\" data-eae-slider=\"28912\" data-id=\"cc34d9c\" data-element_type=\"column\" data-e-type=\"column\">\n\t\t\t<div class=\"elementor-widget-wrap elementor-element-populated\">\n\t\t\t\t\t\t<div class=\"elementor-element elementor-element-0cb2b93 elementor-widget elementor-widget-heading\" data-id=\"0cb2b93\" data-element_type=\"widget\" data-e-type=\"widget\" data-widget_type=\"heading.default\">\n\t\t\t\t<div class=\"elementor-widget-container\">\n\t\t\t\t\t<h2 class=\"elementor-heading-title elementor-size-default\">Historia<\/h2>\t\t\t\t<\/div>\n\t\t\t\t<\/div>\n\t\t\t\t<div class=\"elementor-element elementor-element-cea783f elementor-widget elementor-widget-wp-widget-text\" data-id=\"cea783f\" data-element_type=\"widget\" data-e-type=\"widget\" data-widget_type=\"wp-widget-text.default\">\n\t\t\t\t<div class=\"elementor-widget-container\">\n\t\t\t\t\t\t\t\t<div class=\"textwidget\"><p>La Comunidad de Regantes Santa Mar\u00eda Magdalena est\u00e1 formada por fincas agr\u00edcolas pertenecientes a los t\u00e9rminos municipales de Meng\u00edbar, Cazalilla y Ja\u00e9n cuya superficie asciende en la actualidad a 6000 hect\u00e1reas.<\/p>\n<p>Se constituye por Orden Ministerial de uno de diciembre de 1975 mediante el Plan de Mejoras Territoriales y Obras de la zona ejecutadas por el Instituto Nacional de Reforma y Desarrollo Agrario a la Zona de Concentraci\u00f3n Parcelaria de Meng\u00edbar, (Ja\u00e9n).<\/p>\n<\/div>\n\t\t\t\t\t\t<\/div>\n\t\t\t\t<\/div>\n\t\t\t\t<div class=\"elementor-element elementor-element-26f3d28 elementor-widget elementor-widget-image\" data-id=\"26f3d28\" data-element_type=\"widget\" data-e-type=\"widget\" data-widget_type=\"image.default\">\n\t\t\t\t<div class=\"elementor-widget-container\">\n\t\t\t\t\t\t\t\t\t\t\t\t\t\t\t<img decoding=\"async\" width=\"843\" height=\"378\" src=\"https:\/\/cregantesmariamagdalena.com\/wp-content\/uploads\/2021\/02\/DSC_0372-01-1024x459.jpg\" class=\"attachment-large size-large wp-image-194\" alt=\"\" srcset=\"https:\/\/cregantesmariamagdalena.com\/wp-content\/uploads\/2021\/02\/DSC_0372-01-1024x459.jpg 1024w, https:\/\/cregantesmariamagdalena.com\/wp-content\/uploads\/2021\/02\/DSC_0372-01-300x134.jpg 300w, https:\/\/cregantesmariamagdalena.com\/wp-content\/uploads\/2021\/02\/DSC_0372-01-768x344.jpg 768w, https:\/\/cregantesmariamagdalena.com\/wp-content\/uploads\/2021\/02\/DSC_0372-01-1536x689.jpg 1536w, https:\/\/cregantesmariamagdalena.com\/wp-content\/uploads\/2021\/02\/DSC_0372-01-2048x918.jpg 2048w\" sizes=\"(max-width: 843px) 100vw, 843px\" \/>\t\t\t\t\t\t\t\t\t\t\t\t\t\t\t<\/div>\n\t\t\t\t<\/div>\n\t\t\t\t\t<\/div>\n\t\t<\/div>\n\t\t\t\t\t<\/div>\n\t\t<\/section>\n\t\t\t\t<section class=\"has_eae_slider elementor-section elementor-top-section elementor-element elementor-element-4d8c066 elementor-section-full_width elementor-section-stretched elementor-section-height-default elementor-section-height-default\" data-eae-slider=\"13413\" data-id=\"4d8c066\" data-element_type=\"section\" data-e-type=\"section\" data-settings=\"{&quot;stretch_section&quot;:&quot;section-stretched&quot;}\">\n\t\t\t\t\t\t<div class=\"elementor-container elementor-column-gap-no\">\n\t\t\t\t\t<div class=\"has_eae_slider elementor-column elementor-col-100 elementor-top-column elementor-element elementor-element-bede08c\" data-eae-slider=\"96622\" data-id=\"bede08c\" data-element_type=\"column\" data-e-type=\"column\">\n\t\t\t<div class=\"elementor-widget-wrap elementor-element-populated\">\n\t\t\t\t\t\t<div class=\"elementor-element elementor-element-8179ec1 elementor-widget elementor-widget-wts-shape-separator\" data-id=\"8179ec1\" data-element_type=\"widget\" data-e-type=\"widget\" data-widget_type=\"wts-shape-separator.default\">\n\t\t\t\t<div class=\"elementor-widget-container\">\n\t\t\t\t\t<svg xmlns=\"http:\/\/www.w3.org\/2000\/svg\" version=\"1.1\" fill=\"#E5F9D4\" width=\"100%\" height=\"90\" viewBox=\"0 0 50 50\" preserveAspectRatio=\"none\" style=\"height: 75px;\">\n\t<polygon class=\"fil0\" points=\"0,0 50,0 50,50\"><\/polygon>\n<\/svg>\n\t\t\t\t<\/div>\n\t\t\t\t<\/div>\n\t\t\t\t\t<\/div>\n\t\t<\/div>\n\t\t\t\t\t<\/div>\n\t\t<\/section>\n\t\t\t\t<section class=\"has_eae_slider elementor-section elementor-top-section elementor-element elementor-element-b9c8674 elementor-section-boxed elementor-section-height-default elementor-section-height-default\" data-eae-slider=\"39674\" data-id=\"b9c8674\" data-element_type=\"section\" data-e-type=\"section\">\n\t\t\t\t\t\t<div class=\"elementor-container elementor-column-gap-default\">\n\t\t\t\t\t<div class=\"has_eae_slider elementor-column elementor-col-100 elementor-top-column elementor-element elementor-element-8144f5e\" data-eae-slider=\"23044\" data-id=\"8144f5e\" data-element_type=\"column\" data-e-type=\"column\">\n\t\t\t<div class=\"elementor-widget-wrap elementor-element-populated\">\n\t\t\t\t\t\t<div class=\"elementor-element elementor-element-1f3ab28 elementor-widget elementor-widget-heading\" data-id=\"1f3ab28\" data-element_type=\"widget\" data-e-type=\"widget\" data-widget_type=\"heading.default\">\n\t\t\t\t<div class=\"elementor-widget-container\">\n\t\t\t\t\t<h2 class=\"elementor-heading-title elementor-size-default\">Plano comunidad<\/h2>\t\t\t\t<\/div>\n\t\t\t\t<\/div>\n\t\t\t\t\t<\/div>\n\t\t<\/div>\n\t\t\t\t\t<\/div>\n\t\t<\/section>\n\t\t\t\t<section class=\"has_eae_slider elementor-section elementor-top-section elementor-element elementor-element-a6079a4 elementor-section-boxed elementor-section-height-default elementor-section-height-default\" data-eae-slider=\"60071\" data-id=\"a6079a4\" data-element_type=\"section\" data-e-type=\"section\">\n\t\t\t\t\t\t<div class=\"elementor-container elementor-column-gap-default\">\n\t\t\t\t\t<div class=\"has_eae_slider elementor-column elementor-col-100 elementor-top-column elementor-element elementor-element-32a7330\" data-eae-slider=\"56092\" data-id=\"32a7330\" data-element_type=\"column\" data-e-type=\"column\">\n\t\t\t<div class=\"elementor-widget-wrap elementor-element-populated\">\n\t\t\t\t\t\t<div class=\"elementor-element elementor-element-03831b1 elementor-widget elementor-widget-image\" data-id=\"03831b1\" data-element_type=\"widget\" data-e-type=\"widget\" data-widget_type=\"image.default\">\n\t\t\t\t<div class=\"elementor-widget-container\">\n\t\t\t\t\t\t\t\t\t\t\t\t\t\t\t<img decoding=\"async\" width=\"843\" height=\"474\" src=\"https:\/\/cregantesmariamagdalena.com\/wp-content\/uploads\/2021\/02\/Plano-Web-Mengibar-1024x576.png\" class=\"attachment-large size-large wp-image-233\" alt=\"\" srcset=\"https:\/\/cregantesmariamagdalena.com\/wp-content\/uploads\/2021\/02\/Plano-Web-Mengibar-1024x576.png 1024w, https:\/\/cregantesmariamagdalena.com\/wp-content\/uploads\/2021\/02\/Plano-Web-Mengibar-300x169.png 300w, https:\/\/cregantesmariamagdalena.com\/wp-content\/uploads\/2021\/02\/Plano-Web-Mengibar-768x432.png 768w, https:\/\/cregantesmariamagdalena.com\/wp-content\/uploads\/2021\/02\/Plano-Web-Mengibar-1536x864.png 1536w, https:\/\/cregantesmariamagdalena.com\/wp-content\/uploads\/2021\/02\/Plano-Web-Mengibar.png 1920w\" sizes=\"(max-width: 843px) 100vw, 843px\" \/>\t\t\t\t\t\t\t\t\t\t\t\t\t\t\t<\/div>\n\t\t\t\t<\/div>\n\t\t\t\t\t<\/div>\n\t\t<\/div>\n\t\t\t\t\t<\/div>\n\t\t<\/section>\n\t\t\t\t<section class=\"has_eae_slider elementor-section elementor-top-section elementor-element elementor-element-4321ffc elementor-section-stretched elementor-section-boxed elementor-section-height-default elementor-section-height-default\" data-eae-slider=\"78745\" data-id=\"4321ffc\" data-element_type=\"section\" data-e-type=\"section\" data-settings=\"{&quot;stretch_section&quot;:&quot;section-stretched&quot;,&quot;background_background&quot;:&quot;classic&quot;}\">\n\t\t\t\t\t\t<div class=\"elementor-container elementor-column-gap-default\">\n\t\t\t\t\t<div class=\"has_eae_slider elementor-column elementor-col-100 elementor-top-column elementor-element elementor-element-2f3e51c\" data-eae-slider=\"89830\" data-id=\"2f3e51c\" data-element_type=\"column\" data-e-type=\"column\">\n\t\t\t<div class=\"elementor-widget-wrap elementor-element-populated\">\n\t\t\t\t\t\t<div class=\"elementor-element elementor-element-aeea6f3 elementor-widget elementor-widget-google_maps\" data-id=\"aeea6f3\" data-element_type=\"widget\" data-e-type=\"widget\" data-widget_type=\"google_maps.default\">\n\t\t\t\t<div class=\"elementor-widget-container\">\n\t\t\t\t\t\t\t<div class=\"elementor-custom-embed\">\n\t\t\t<iframe loading=\"lazy\"\n\t\t\t\t\tsrc=\"https:\/\/maps.google.com\/maps?q=Calle%20Dr.%20Navarro%20Funes%2C%203&#038;t=m&#038;z=18&#038;output=embed&#038;iwloc=near\"\n\t\t\t\t\ttitle=\"Calle Dr. Navarro Funes, 3\"\n\t\t\t\t\taria-label=\"Calle Dr. Navarro Funes, 3\"\n\t\t\t><\/iframe>\n\t\t<\/div>\n\t\t\t\t\t\t<\/div>\n\t\t\t\t<\/div>\n\t\t\t\t\t<\/div>\n\t\t<\/div>\n\t\t\t\t\t<\/div>\n\t\t<\/section>\n\t\t\t\t<\/div>\n\t\t","protected":false},"excerpt":{"rendered":"<p>+6000 Hect\u00e1reas La Comunidad De Regantes \u00abSanta Maria Magdalena\u00bb da servicio a 6000,33 hect\u00e1reas en fincas de Ja\u00e9n y Cazalilla 980 Comuneros En la actualidad&hellip;<\/p>\n","protected":false},"author":1,"featured_media":0,"parent":0,"menu_order":0,"comment_status":"closed","ping_status":"closed","template":"","meta":{"footnotes":""},"class_list":["post-2","page","type-page","status-publish","hentry"],"jetpack_sharing_enabled":true,"_links":{"self":[{"href":"https:\/\/cregantesmariamagdalena.com\/index.php\/wp-json\/wp\/v2\/pages\/2","targetHints":{"allow":["GET"]}}],"collection":[{"href":"https:\/\/cregantesmariamagdalena.com\/index.php\/wp-json\/wp\/v2\/pages"}],"about":[{"href":"https:\/\/cregantesmariamagdalena.com\/index.php\/wp-json\/wp\/v2\/types\/page"}],"author":[{"embeddable":true,"href":"https:\/\/cregantesmariamagdalena.com\/index.php\/wp-json\/wp\/v2\/users\/1"}],"replies":[{"embeddable":true,"href":"https:\/\/cregantesmariamagdalena.com\/index.php\/wp-json\/wp\/v2\/comments?post=2"}],"version-history":[{"count":140,"href":"https:\/\/cregantesmariamagdalena.com\/index.php\/wp-json\/wp\/v2\/pages\/2\/revisions"}],"predecessor-version":[{"id":318,"href":"https:\/\/cregantesmariamagdalena.com\/index.php\/wp-json\/wp\/v2\/pages\/2\/revisions\/318"}],"wp:attachment":[{"href":"https:\/\/cregantesmariamagdalena.com\/index.php\/wp-json\/wp\/v2\/media?parent=2"}],"curies":[{"name":"wp","href":"https:\/\/api.w.org\/{rel}","templated":true}]}}